{"id":1518,"date":"2024-12-07T13:30:11","date_gmt":"2024-12-07T16:30:11","guid":{"rendered":"https:\/\/www.senhorbyte.com.br\/novo\/?page_id=1518"},"modified":"2025-04-07T15:58:31","modified_gmt":"2025-04-07T18:58:31","slug":"sobre-nos","status":"publish","type":"page","link":"https:\/\/www.senhorbyte.com.br\/novo\/sobre-nos\/","title":{"rendered":"Sobre N\u00f3s"},"content":{"rendered":"\t\t<div data-elementor-type=\"wp-page\" data-elementor-id=\"1518\" class=\"elementor elementor-1518\">\n\t\t\t\t\t\t<section class=\"elementor-section elementor-top-section elementor-element elementor-element-68dea7c9 elementor-section-boxed elementor-section-height-default elementor-section-height-default\" data-id=\"68dea7c9\" data-element_type=\"section\">\n\t\t\t\t\t\t<div class=\"elementor-container elementor-column-gap-default\">\n\t\t\t\t\t<div class=\"elementor-column elementor-col-100 elementor-top-column elementor-element elementor-element-d12d313\" data-id=\"d12d313\" data-element_type=\"column\">\n\t\t\t<div class=\"elementor-widget-wrap elementor-element-populated\">\n\t\t\t\t\t\t<div class=\"elementor-element elementor-element-208429f1 elementor-widget elementor-widget-image\" data-id=\"208429f1\" data-element_type=\"widget\" data-widget_type=\"image.default\">\n\t\t\t\t<div class=\"elementor-widget-container\">\n\t\t\t\t\t\t\t\t\t\t\t\t\t\t\t\t<a href=\"https:\/\/www.senhorbyte.com.br\" target=\"_blank\">\n\t\t\t\t\t\t\t<img decoding=\"async\" width=\"300\" height=\"112\" src=\"https:\/\/www.senhorbyte.com.br\/novo\/wp-content\/uploads\/2025\/03\/Logo-Senhor-Byte-Agencia-de-Marketing-Digital-FD_TR2-300x112.png\" class=\"attachment-medium size-medium wp-image-1689\" alt=\"Logo Senhor Byte - Ag\u00eancia de Marketing Digital (FD_TR)\" srcset=\"https:\/\/www.senhorbyte.com.br\/novo\/wp-content\/uploads\/2025\/03\/Logo-Senhor-Byte-Agencia-de-Marketing-Digital-FD_TR2-300x112.png 300w, https:\/\/www.senhorbyte.com.br\/novo\/wp-content\/uploads\/2025\/03\/Logo-Senhor-Byte-Agencia-de-Marketing-Digital-FD_TR2.png 500w\" sizes=\"(max-width: 300px) 100vw, 300px\" \/>\t\t\t\t\t\t\t\t<\/a>\n\t\t\t\t\t\t\t\t\t\t\t\t\t\t\t<\/div>\n\t\t\t\t<\/div>\n\t\t\t\t\t<\/div>\n\t\t<\/div>\n\t\t\t\t\t<\/div>\n\t\t<\/section>\n\t\t\t\t<section class=\"elementor-section elementor-top-section elementor-element elementor-element-4f9b5cdf elementor-section-stretched elementor-section-full_width elementor-section-height-default elementor-section-height-default\" data-id=\"4f9b5cdf\" data-element_type=\"section\" data-settings=\"{&quot;stretch_section&quot;:&quot;section-stretched&quot;,&quot;background_background&quot;:&quot;classic&quot;}\">\n\t\t\t\t\t\t<div class=\"elementor-container elementor-column-gap-default\">\n\t\t\t\t\t<div class=\"elementor-column elementor-col-100 elementor-top-column elementor-element elementor-element-1e8fb6ca\" data-id=\"1e8fb6ca\" data-element_type=\"column\">\n\t\t\t<div class=\"elementor-widget-wrap elementor-element-populated\">\n\t\t\t\t\t\t<div class=\"elementor-element elementor-element-b2900f9 elementor-invisible elementor-widget elementor-widget-heading\" data-id=\"b2900f9\" data-element_type=\"widget\" data-settings=\"{&quot;_animation&quot;:&quot;fadeInDown&quot;,&quot;_animation_delay&quot;:200}\" data-widget_type=\"heading.default\">\n\t\t\t\t<div class=\"elementor-widget-container\">\n\t\t\t\t\t<h5 class=\"elementor-heading-title elementor-size-default\">\ud83e\udd1d Sobre N\u00f3s \ud83e\udd1d<\/h5>\t\t\t\t<\/div>\n\t\t\t\t<\/div>\n\t\t\t\t<section class=\"elementor-section elementor-inner-section elementor-element elementor-element-2bcffc37 elementor-section-boxed elementor-section-height-default elementor-section-height-default\" data-id=\"2bcffc37\" data-element_type=\"section\">\n\t\t\t\t\t\t<div class=\"elementor-container elementor-column-gap-default\">\n\t\t\t\t\t<div class=\"elementor-column elementor-col-33 elementor-inner-column elementor-element elementor-element-5597f5b6\" data-id=\"5597f5b6\" data-element_type=\"column\">\n\t\t\t<div class=\"elementor-widget-wrap\">\n\t\t\t\t\t\t\t<\/div>\n\t\t<\/div>\n\t\t\t\t<div class=\"elementor-column elementor-col-33 elementor-inner-column elementor-element elementor-element-5efb3c26\" data-id=\"5efb3c26\" data-element_type=\"column\">\n\t\t\t<div class=\"elementor-widget-wrap elementor-element-populated\">\n\t\t\t\t\t\t<div class=\"elementor-element elementor-element-69449c5d elementor-invisible elementor-widget elementor-widget-text-editor\" data-id=\"69449c5d\" data-element_type=\"widget\" data-settings=\"{&quot;_animation&quot;:&quot;fadeInDown&quot;}\" data-widget_type=\"text-editor.default\">\n\t\t\t\t<div class=\"elementor-widget-container\">\n\t\t\t\t\t\t\t\t\t<p>Conectando Neg\u00f3cios ao Sucesso Digital<\/p>\t\t\t\t\t\t\t\t<\/div>\n\t\t\t\t<\/div>\n\t\t\t\t\t<\/div>\n\t\t<\/div>\n\t\t\t\t<div class=\"elementor-column elementor-col-33 elementor-inner-column elementor-element elementor-element-1dbc2cd2\" data-id=\"1dbc2cd2\" data-element_type=\"column\">\n\t\t\t<div class=\"elementor-widget-wrap\">\n\t\t\t\t\t\t\t<\/div>\n\t\t<\/div>\n\t\t\t\t\t<\/div>\n\t\t<\/section>\n\t\t\t\t<section class=\"elementor-section elementor-inner-section elementor-element elementor-element-4fb0621f animated-slow elementor-section-boxed elementor-section-height-default elementor-section-height-default elementor-invisible\" data-id=\"4fb0621f\" data-element_type=\"section\" data-settings=\"{&quot;animation&quot;:&quot;pulse&quot;,&quot;animation_delay&quot;:300}\">\n\t\t\t\t\t\t<div class=\"elementor-container elementor-column-gap-default\">\n\t\t\t\t\t<div class=\"elementor-column elementor-col-100 elementor-inner-column elementor-element elementor-element-e6a79c\" data-id=\"e6a79c\" data-element_type=\"column\" data-settings=\"{&quot;background_background&quot;:&quot;slideshow&quot;,&quot;background_slideshow_gallery&quot;:[],&quot;background_slideshow_loop&quot;:&quot;yes&quot;,&quot;background_slideshow_slide_duration&quot;:5000,&quot;background_slideshow_slide_transition&quot;:&quot;fade&quot;,&quot;background_slideshow_transition_duration&quot;:500}\">\n\t\t\t<div class=\"elementor-widget-wrap elementor-element-populated\">\n\t\t\t\t\t\t<div class=\"elementor-element elementor-element-7197f224 elementor-drop-cap-yes elementor-drop-cap-view-default elementor-widget elementor-widget-text-editor\" data-id=\"7197f224\" data-element_type=\"widget\" data-settings=\"{&quot;drop_cap&quot;:&quot;yes&quot;}\" data-widget_type=\"text-editor.default\">\n\t\t\t\t<div class=\"elementor-widget-container\">\n\t\t\t\t\t\t\t\t\t<p><strong>Aqui na Ag\u00eancia Senhor Byte, acreditamos que o marketing \u00e9 mais do que uma ferramenta \u2013 \u00e9 uma ponte poderosa que conecta neg\u00f3cios ao sucesso de verdade.<\/strong><\/p>\n<p><span style=\"font-family: Lato, sans-serif; font-size: 16px; color: var( --e-global-color-text );\">Sob a lideran\u00e7a de <\/span><strong style=\"font-family: Lato, sans-serif; font-size: 16px; color: var( --e-global-color-text );\">Paulo S\u00e9rgio Barbara<\/strong><span style=\"font-family: Lato, sans-serif; font-size: 16px; color: var( --e-global-color-text );\">, consultor especializado em Marketing Digital, nossa miss\u00e3o \u00e9 clara: <\/span><strong style=\"font-family: Lato, sans-serif; font-size: 16px; color: var( --e-global-color-text );\">ajudar empresas e profissionais a se destacarem no ambiente digital.<\/strong><\/p>\n<p><span style=\"font-family: Lato, sans-serif; font-size: 16px; color: var( --e-global-color-text );\">Criamos <\/span><strong style=\"font-family: Lato, sans-serif; font-size: 16px; color: var( --e-global-color-text );\">sites modernos, funcionais e estrategicamente projetados para atrair clientes<\/strong><span style=\"font-family: Lato, sans-serif; font-size: 16px; color: var( --e-global-color-text );\">, al\u00e9m de campanhas de an\u00fancios online que realmente convertem.&nbsp;<\/span><\/p>\n<p><span style=\"font-family: Lato, sans-serif; font-size: 16px; color: var( --e-global-color-text );\">Seja em <strong>Campanhas de An\u00fancios Online<\/strong>, <\/span><strong style=\"font-family: Lato, sans-serif; font-size: 16px; color: var( --e-global-color-text );\">Google Meu Neg\u00f3cio<\/strong><span style=\"font-family: Lato, sans-serif; font-size: 16px; color: var( --e-global-color-text );\">, <strong>R<\/strong><\/span><strong style=\"font-family: Lato, sans-serif; font-size: 16px; color: var( --e-global-color-text );\">edes Sociais<\/strong><span style=\"font-family: Lato, sans-serif; font-size: 16px; color: var( --e-global-color-text );\">, oferecemos solu\u00e7\u00f5es completas que trazem resultados consistentes e mensur\u00e1veis.<\/span><\/p>\n<p><strong>Nosso prop\u00f3sito? Simples e poderoso:<\/strong> <strong>levar voc\u00ea e sua empresa ao pr\u00f3ximo n\u00edvel<\/strong>, maximizando seu potencial atrav\u00e9s de estrat\u00e9gias digitais inteligentes, criativas e alinhadas aos seus objetivos.&nbsp;<\/p>\n<p>Aqui, conhecimento t\u00e9cnico, inova\u00e7\u00e3o e paix\u00e3o se unem para criar <strong>solu\u00e7\u00f5es que fazem diferen\u00e7a<\/strong> \u2013 tanto para o seu neg\u00f3cio quanto para os seus clientes.<\/p>\n<p>Sabemos que <strong>cada empresa \u00e9 \u00fanica<\/strong>, e \u00e9 por isso que o nosso trabalho come\u00e7a ouvindo voc\u00ea.&nbsp;<\/p>\n<p><strong>Entendemos suas necessidades, desafios e metas<\/strong> para oferecer uma consultoria 100% personalizada e ferramentas digitais projetadas para impulsionar o crescimento da sua marca.&nbsp;<\/p>\n<p>Seja voc\u00ea um empreendedor iniciante, um profissional aut\u00f4nomo ou uma grande organiza\u00e7\u00e3o, estamos prontos para transformar sua presen\u00e7a online e <strong>colocar o seu neg\u00f3cio em destaque no mercado<\/strong>.<\/p>\n<p><strong><em>&nbsp;<\/em><\/strong><\/p>\n<p><strong><em>Pronto para fazer seu neg\u00f3cio crescer de verdade? Entre em contato agora mesmo e comece sua jornada no marketing digital com quem entende do assunto.<\/em><\/strong><\/p>\t\t\t\t\t\t\t\t<\/div>\n\t\t\t\t<\/div>\n\t\t\t\t\t<\/div>\n\t\t<\/div>\n\t\t\t\t\t<\/div>\n\t\t<\/section>\n\t\t\t\t\t<\/div>\n\t\t<\/div>\n\t\t\t\t\t<\/div>\n\t\t<\/section>\n\t\t\t\t<section class=\"elementor-section elementor-top-section elementor-element elementor-element-7bd52f07 elementor-section-boxed elementor-section-height-default elementor-section-height-default\" data-id=\"7bd52f07\" data-element_type=\"section\">\n\t\t\t\t\t\t<div class=\"elementor-container elementor-column-gap-default\">\n\t\t\t\t\t<div class=\"elementor-column elementor-col-33 elementor-top-column elementor-element elementor-element-26252266\" data-id=\"26252266\" data-element_type=\"column\">\n\t\t\t<div class=\"elementor-widget-wrap elementor-element-populated\">\n\t\t\t\t\t\t<div class=\"elementor-element elementor-element-28bdb32d elementor-widget elementor-widget-text-editor\" data-id=\"28bdb32d\" data-element_type=\"widget\" data-widget_type=\"text-editor.default\">\n\t\t\t\t<div class=\"elementor-widget-container\">\n\t\t\t\t\t\t\t\t\t<p style=\"text-align: center;\"><a href=\"https:\/\/www.senhorbyte.com.br\">Home<\/a> | <a href=\"https:\/\/www.senhorbyte.com.br\/novo\/sobre-nos\/\">Sobre N\u00f3s<\/a> | <a href=\"https:\/\/www.senhorbyte.com.br\/novo\/politica-de-privacidade\/\">Pol\u00edtica de Privacidade\u00a0\u00a0<\/a><\/p>\t\t\t\t\t\t\t\t<\/div>\n\t\t\t\t<\/div>\n\t\t\t\t\t<\/div>\n\t\t<\/div>\n\t\t\t\t<div class=\"elementor-column elementor-col-33 elementor-top-column elementor-element elementor-element-765d54a2\" data-id=\"765d54a2\" data-element_type=\"column\">\n\t\t\t<div class=\"elementor-widget-wrap elementor-element-populated\">\n\t\t\t\t\t\t<div class=\"elementor-element elementor-element-7b6bb60d elementor-widget elementor-widget-text-editor\" data-id=\"7b6bb60d\" data-element_type=\"widget\" data-widget_type=\"text-editor.default\">\n\t\t\t\t<div class=\"elementor-widget-container\">\n\t\t\t\t\t\t\t\t\t<p style=\"text-align: center;\"><strong>\u00a9 2025 <a href=\"https:\/\/www.senhorbyte.com.br\">Senhor Byte<\/a><br \/><\/strong>Todos os direitos reservados.<\/p>\t\t\t\t\t\t\t\t<\/div>\n\t\t\t\t<\/div>\n\t\t\t\t\t<\/div>\n\t\t<\/div>\n\t\t\t\t<div class=\"elementor-column elementor-col-33 elementor-top-column elementor-element elementor-element-1eecd347\" data-id=\"1eecd347\" data-element_type=\"column\">\n\t\t\t<div class=\"elementor-widget-wrap elementor-element-populated\">\n\t\t\t\t\t\t<section class=\"elementor-section elementor-inner-section elementor-element elementor-element-cfbcd0 elementor-section-boxed elementor-section-height-default elementor-section-height-default\" data-id=\"cfbcd0\" data-element_type=\"section\">\n\t\t\t\t\t\t<div class=\"elementor-container elementor-column-gap-default\">\n\t\t\t\t\t<div class=\"elementor-column elementor-col-50 elementor-inner-column elementor-element elementor-element-135779f5\" data-id=\"135779f5\" data-element_type=\"column\">\n\t\t\t<div class=\"elementor-widget-wrap elementor-element-populated\">\n\t\t\t\t\t\t<div class=\"elementor-element elementor-element-63c18d31 elementor-view-default elementor-widget elementor-widget-icon\" data-id=\"63c18d31\" data-element_type=\"widget\" data-widget_type=\"icon.default\">\n\t\t\t\t<div class=\"elementor-widget-container\">\n\t\t\t\t\t\t\t<div class=\"elementor-icon-wrapper\">\n\t\t\t<a class=\"elementor-icon\" href=\"https:\/\/www.instagram.com\/senhorbyte\" target=\"_blank\">\n\t\t\t<i aria-hidden=\"true\" class=\"fab fa-instagram\"><\/i>\t\t\t<\/a>\n\t\t<\/div>\n\t\t\t\t\t\t<\/div>\n\t\t\t\t<\/div>\n\t\t\t\t\t<\/div>\n\t\t<\/div>\n\t\t\t\t<div class=\"elementor-column elementor-col-50 elementor-inner-column elementor-element elementor-element-30aa8e17\" data-id=\"30aa8e17\" data-element_type=\"column\">\n\t\t\t<div class=\"elementor-widget-wrap elementor-element-populated\">\n\t\t\t\t\t\t<div class=\"elementor-element elementor-element-1c177def elementor-view-default elementor-widget elementor-widget-icon\" data-id=\"1c177def\" data-element_type=\"widget\" data-widget_type=\"icon.default\">\n\t\t\t\t<div class=\"elementor-widget-container\">\n\t\t\t\t\t\t\t<div class=\"elementor-icon-wrapper\">\n\t\t\t<a class=\"elementor-icon\" href=\"https:\/\/wa.me\/5516996015760\" target=\"_blank\">\n\t\t\t<i aria-hidden=\"true\" class=\"fab fa-whatsapp\"><\/i>\t\t\t<\/a>\n\t\t<\/div>\n\t\t\t\t\t\t<\/div>\n\t\t\t\t<\/div>\n\t\t\t\t\t<\/div>\n\t\t<\/div>\n\t\t\t\t\t<\/div>\n\t\t<\/section>\n\t\t\t\t\t<\/div>\n\t\t<\/div>\n\t\t\t\t\t<\/div>\n\t\t<\/section>\n\t\t\t\t<\/div>\n\t\t","protected":false},"excerpt":{"rendered":"<p>\ud83e\udd1d Sobre N\u00f3s \ud83e\udd1d Conectando Neg\u00f3cios ao Sucesso Digital Aqui na Ag\u00eancia Senhor Byte, acreditamos que o marketing \u00e9 mais do que uma ferramenta \u2013 \u00e9 uma ponte poderosa que conecta neg\u00f3cios ao sucesso de verdade. Sob a lideran\u00e7a de<\/p>\n","protected":false},"author":1,"featured_media":0,"parent":0,"menu_order":0,"comment_status":"closed","ping_status":"closed","template":"elementor_canvas","meta":{"footnotes":""},"class_list":["post-1518","page","type-page","status-publish","hentry"],"yoast_head":"<!-- This site is optimized with the Yoast SEO plugin v27.2 - https:\/\/yoast.com\/product\/yoast-seo-wordpress\/ -->\n<title>Sobre N\u00f3s - Senhor Byte<\/title>\n<meta name=\"robots\" content=\"index, follow, max-snippet:-1, max-image-preview:large, max-video-preview:-1\" \/>\n<link rel=\"canonical\" href=\"https:\/\/www.senhorbyte.com.br\/novo\/sobre-nos\/\" \/>\n<meta property=\"og:locale\" content=\"pt_BR\" \/>\n<meta property=\"og:type\" content=\"article\" \/>\n<meta property=\"og:title\" content=\"Sobre N\u00f3s - Senhor Byte\" \/>\n<meta property=\"og:description\" content=\"\ud83e\udd1d Sobre N\u00f3s \ud83e\udd1d Conectando Neg\u00f3cios ao Sucesso Digital Aqui na Ag\u00eancia Senhor Byte, acreditamos que o marketing \u00e9 mais do que uma ferramenta \u2013 \u00e9 uma ponte poderosa que conecta neg\u00f3cios ao sucesso de verdade. Sob a lideran\u00e7a de\" \/>\n<meta property=\"og:url\" content=\"https:\/\/www.senhorbyte.com.br\/novo\/sobre-nos\/\" \/>\n<meta property=\"og:site_name\" content=\"Senhor Byte\" \/>\n<meta property=\"article:modified_time\" content=\"2025-04-07T18:58:31+00:00\" \/>\n<meta property=\"og:image\" content=\"http:\/\/www.senhorbyte.com.br\/novo\/wp-content\/uploads\/2025\/03\/Logo-Senhor-Byte-Agencia-de-Marketing-Digital-FD_TR2-300x112.png\" \/>\n<meta name=\"twitter:card\" content=\"summary_large_image\" \/>\n<meta name=\"twitter:label1\" content=\"Est. tempo de leitura\" \/>\n\t<meta name=\"twitter:data1\" content=\"3 minutos\" \/>\n<script type=\"application\/ld+json\" class=\"yoast-schema-graph\">{\"@context\":\"https:\/\/schema.org\",\"@graph\":[{\"@type\":\"WebPage\",\"@id\":\"https:\/\/www.senhorbyte.com.br\/novo\/sobre-nos\/\",\"url\":\"https:\/\/www.senhorbyte.com.br\/novo\/sobre-nos\/\",\"name\":\"Sobre N\u00f3s - Senhor Byte\",\"isPartOf\":{\"@id\":\"https:\/\/www.senhorbyte.com.br\/novo\/#website\"},\"primaryImageOfPage\":{\"@id\":\"https:\/\/www.senhorbyte.com.br\/novo\/sobre-nos\/#primaryimage\"},\"image\":{\"@id\":\"https:\/\/www.senhorbyte.com.br\/novo\/sobre-nos\/#primaryimage\"},\"thumbnailUrl\":\"http:\/\/www.senhorbyte.com.br\/novo\/wp-content\/uploads\/2025\/03\/Logo-Senhor-Byte-Agencia-de-Marketing-Digital-FD_TR2-300x112.png\",\"datePublished\":\"2024-12-07T16:30:11+00:00\",\"dateModified\":\"2025-04-07T18:58:31+00:00\",\"breadcrumb\":{\"@id\":\"https:\/\/www.senhorbyte.com.br\/novo\/sobre-nos\/#breadcrumb\"},\"inLanguage\":\"pt-BR\",\"potentialAction\":[{\"@type\":\"ReadAction\",\"target\":[\"https:\/\/www.senhorbyte.com.br\/novo\/sobre-nos\/\"]}]},{\"@type\":\"ImageObject\",\"inLanguage\":\"pt-BR\",\"@id\":\"https:\/\/www.senhorbyte.com.br\/novo\/sobre-nos\/#primaryimage\",\"url\":\"https:\/\/www.senhorbyte.com.br\/novo\/wp-content\/uploads\/2025\/03\/Logo-Senhor-Byte-Agencia-de-Marketing-Digital-FD_TR2.png\",\"contentUrl\":\"https:\/\/www.senhorbyte.com.br\/novo\/wp-content\/uploads\/2025\/03\/Logo-Senhor-Byte-Agencia-de-Marketing-Digital-FD_TR2.png\",\"width\":500,\"height\":187,\"caption\":\"Logo Senhor Byte - Ag\u00eancia de Marketing Digital (FD_TR)\"},{\"@type\":\"BreadcrumbList\",\"@id\":\"https:\/\/www.senhorbyte.com.br\/novo\/sobre-nos\/#breadcrumb\",\"itemListElement\":[{\"@type\":\"ListItem\",\"position\":1,\"name\":\"In\u00edcio\",\"item\":\"https:\/\/www.senhorbyte.com.br\/novo\/\"},{\"@type\":\"ListItem\",\"position\":2,\"name\":\"Sobre N\u00f3s\"}]},{\"@type\":\"WebSite\",\"@id\":\"https:\/\/www.senhorbyte.com.br\/novo\/#website\",\"url\":\"https:\/\/www.senhorbyte.com.br\/novo\/\",\"name\":\"Senhor Byte\",\"description\":\"Ag\u00eancia de Marketing Digital\",\"publisher\":{\"@id\":\"https:\/\/www.senhorbyte.com.br\/novo\/#organization\"},\"potentialAction\":[{\"@type\":\"SearchAction\",\"target\":{\"@type\":\"EntryPoint\",\"urlTemplate\":\"https:\/\/www.senhorbyte.com.br\/novo\/?s={search_term_string}\"},\"query-input\":{\"@type\":\"PropertyValueSpecification\",\"valueRequired\":true,\"valueName\":\"search_term_string\"}}],\"inLanguage\":\"pt-BR\"},{\"@type\":\"Organization\",\"@id\":\"https:\/\/www.senhorbyte.com.br\/novo\/#organization\",\"name\":\"Senhor Byte\",\"url\":\"https:\/\/www.senhorbyte.com.br\/novo\/\",\"logo\":{\"@type\":\"ImageObject\",\"inLanguage\":\"pt-BR\",\"@id\":\"https:\/\/www.senhorbyte.com.br\/novo\/#\/schema\/logo\/image\/\",\"url\":\"https:\/\/www.senhorbyte.com.br\/novo\/wp-content\/uploads\/2025\/03\/cropped-Logo-Senhor-Byte-Agencia-de-Marketing-Digital-FD_BR.png\",\"contentUrl\":\"https:\/\/www.senhorbyte.com.br\/novo\/wp-content\/uploads\/2025\/03\/cropped-Logo-Senhor-Byte-Agencia-de-Marketing-Digital-FD_BR.png\",\"width\":498,\"height\":191,\"caption\":\"Senhor Byte\"},\"image\":{\"@id\":\"https:\/\/www.senhorbyte.com.br\/novo\/#\/schema\/logo\/image\/\"}}]}<\/script>\n<!-- \/ Yoast SEO plugin. -->","yoast_head_json":{"title":"Sobre N\u00f3s - Senhor Byte","robots":{"index":"index","follow":"follow","max-snippet":"max-snippet:-1","max-image-preview":"max-image-preview:large","max-video-preview":"max-video-preview:-1"},"canonical":"https:\/\/www.senhorbyte.com.br\/novo\/sobre-nos\/","og_locale":"pt_BR","og_type":"article","og_title":"Sobre N\u00f3s - Senhor Byte","og_description":"\ud83e\udd1d Sobre N\u00f3s \ud83e\udd1d Conectando Neg\u00f3cios ao Sucesso Digital Aqui na Ag\u00eancia Senhor Byte, acreditamos que o marketing \u00e9 mais do que uma ferramenta \u2013 \u00e9 uma ponte poderosa que conecta neg\u00f3cios ao sucesso de verdade. Sob a lideran\u00e7a de","og_url":"https:\/\/www.senhorbyte.com.br\/novo\/sobre-nos\/","og_site_name":"Senhor Byte","article_modified_time":"2025-04-07T18:58:31+00:00","og_image":[{"url":"http:\/\/www.senhorbyte.com.br\/novo\/wp-content\/uploads\/2025\/03\/Logo-Senhor-Byte-Agencia-de-Marketing-Digital-FD_TR2-300x112.png","type":"","width":"","height":""}],"twitter_card":"summary_large_image","twitter_misc":{"Est. tempo de leitura":"3 minutos"},"schema":{"@context":"https:\/\/schema.org","@graph":[{"@type":"WebPage","@id":"https:\/\/www.senhorbyte.com.br\/novo\/sobre-nos\/","url":"https:\/\/www.senhorbyte.com.br\/novo\/sobre-nos\/","name":"Sobre N\u00f3s - Senhor Byte","isPartOf":{"@id":"https:\/\/www.senhorbyte.com.br\/novo\/#website"},"primaryImageOfPage":{"@id":"https:\/\/www.senhorbyte.com.br\/novo\/sobre-nos\/#primaryimage"},"image":{"@id":"https:\/\/www.senhorbyte.com.br\/novo\/sobre-nos\/#primaryimage"},"thumbnailUrl":"http:\/\/www.senhorbyte.com.br\/novo\/wp-content\/uploads\/2025\/03\/Logo-Senhor-Byte-Agencia-de-Marketing-Digital-FD_TR2-300x112.png","datePublished":"2024-12-07T16:30:11+00:00","dateModified":"2025-04-07T18:58:31+00:00","breadcrumb":{"@id":"https:\/\/www.senhorbyte.com.br\/novo\/sobre-nos\/#breadcrumb"},"inLanguage":"pt-BR","potentialAction":[{"@type":"ReadAction","target":["https:\/\/www.senhorbyte.com.br\/novo\/sobre-nos\/"]}]},{"@type":"ImageObject","inLanguage":"pt-BR","@id":"https:\/\/www.senhorbyte.com.br\/novo\/sobre-nos\/#primaryimage","url":"https:\/\/www.senhorbyte.com.br\/novo\/wp-content\/uploads\/2025\/03\/Logo-Senhor-Byte-Agencia-de-Marketing-Digital-FD_TR2.png","contentUrl":"https:\/\/www.senhorbyte.com.br\/novo\/wp-content\/uploads\/2025\/03\/Logo-Senhor-Byte-Agencia-de-Marketing-Digital-FD_TR2.png","width":500,"height":187,"caption":"Logo Senhor Byte - Ag\u00eancia de Marketing Digital (FD_TR)"},{"@type":"BreadcrumbList","@id":"https:\/\/www.senhorbyte.com.br\/novo\/sobre-nos\/#breadcrumb","itemListElement":[{"@type":"ListItem","position":1,"name":"In\u00edcio","item":"https:\/\/www.senhorbyte.com.br\/novo\/"},{"@type":"ListItem","position":2,"name":"Sobre N\u00f3s"}]},{"@type":"WebSite","@id":"https:\/\/www.senhorbyte.com.br\/novo\/#website","url":"https:\/\/www.senhorbyte.com.br\/novo\/","name":"Senhor Byte","description":"Ag\u00eancia de Marketing Digital","publisher":{"@id":"https:\/\/www.senhorbyte.com.br\/novo\/#organization"},"potentialAction":[{"@type":"SearchAction","target":{"@type":"EntryPoint","urlTemplate":"https:\/\/www.senhorbyte.com.br\/novo\/?s={search_term_string}"},"query-input":{"@type":"PropertyValueSpecification","valueRequired":true,"valueName":"search_term_string"}}],"inLanguage":"pt-BR"},{"@type":"Organization","@id":"https:\/\/www.senhorbyte.com.br\/novo\/#organization","name":"Senhor Byte","url":"https:\/\/www.senhorbyte.com.br\/novo\/","logo":{"@type":"ImageObject","inLanguage":"pt-BR","@id":"https:\/\/www.senhorbyte.com.br\/novo\/#\/schema\/logo\/image\/","url":"https:\/\/www.senhorbyte.com.br\/novo\/wp-content\/uploads\/2025\/03\/cropped-Logo-Senhor-Byte-Agencia-de-Marketing-Digital-FD_BR.png","contentUrl":"https:\/\/www.senhorbyte.com.br\/novo\/wp-content\/uploads\/2025\/03\/cropped-Logo-Senhor-Byte-Agencia-de-Marketing-Digital-FD_BR.png","width":498,"height":191,"caption":"Senhor Byte"},"image":{"@id":"https:\/\/www.senhorbyte.com.br\/novo\/#\/schema\/logo\/image\/"}}]}},"_links":{"self":[{"href":"https:\/\/www.senhorbyte.com.br\/novo\/wp-json\/wp\/v2\/pages\/1518","targetHints":{"allow":["GET"]}}],"collection":[{"href":"https:\/\/www.senhorbyte.com.br\/novo\/wp-json\/wp\/v2\/pages"}],"about":[{"href":"https:\/\/www.senhorbyte.com.br\/novo\/wp-json\/wp\/v2\/types\/page"}],"author":[{"embeddable":true,"href":"https:\/\/www.senhorbyte.com.br\/novo\/wp-json\/wp\/v2\/users\/1"}],"replies":[{"embeddable":true,"href":"https:\/\/www.senhorbyte.com.br\/novo\/wp-json\/wp\/v2\/comments?post=1518"}],"version-history":[{"count":34,"href":"https:\/\/www.senhorbyte.com.br\/novo\/wp-json\/wp\/v2\/pages\/1518\/revisions"}],"predecessor-version":[{"id":1718,"href":"https:\/\/www.senhorbyte.com.br\/novo\/wp-json\/wp\/v2\/pages\/1518\/revisions\/1718"}],"wp:attachment":[{"href":"https:\/\/www.senhorbyte.com.br\/novo\/wp-json\/wp\/v2\/media?parent=1518"}],"curies":[{"name":"wp","href":"https:\/\/api.w.org\/{rel}","templated":true}]}}