{"id":1153,"date":"2024-08-19T12:18:03","date_gmt":"2024-08-19T12:18:03","guid":{"rendered":"https:\/\/www.senhorbyte.com.br\/novo\/?page_id=1153"},"modified":"2025-03-27T14:14:22","modified_gmt":"2025-03-27T17:14:22","slug":"links-de-acesso-rapido","status":"publish","type":"page","link":"http:\/\/www.senhorbyte.com.br\/novo\/links-de-acesso-rapido\/","title":{"rendered":"Links"},"content":{"rendered":"\t\t<div data-elementor-type=\"wp-page\" data-elementor-id=\"1153\" class=\"elementor elementor-1153\">\n\t\t\t\t\t\t<section class=\"elementor-section elementor-top-section elementor-element elementor-element-9d96652 elementor-section-boxed elementor-section-height-default elementor-section-height-default\" data-id=\"9d96652\" data-element_type=\"section\">\n\t\t\t\t\t\t<div class=\"elementor-container elementor-column-gap-default\">\n\t\t\t\t\t<div class=\"elementor-column elementor-col-100 elementor-top-column elementor-element elementor-element-0b00807\" data-id=\"0b00807\" data-element_type=\"column\">\n\t\t\t<div class=\"elementor-widget-wrap elementor-element-populated\">\n\t\t\t\t\t\t<div class=\"elementor-element elementor-element-517e15c elementor-widget elementor-widget-image\" data-id=\"517e15c\" data-element_type=\"widget\" data-widget_type=\"image.default\">\n\t\t\t\t<div class=\"elementor-widget-container\">\n\t\t\t\t\t\t\t\t\t\t\t\t\t\t\t\t<a href=\"http:\/\/senhorbyte.com.br\" target=\"_blank\">\n\t\t\t\t\t\t\t<img fetchpriority=\"high\" decoding=\"async\" width=\"230\" height=\"230\" src=\"https:\/\/www.senhorbyte.com.br\/novo\/wp-content\/uploads\/2025\/03\/Avatar-230x230.png\" class=\"attachment-featured-blog-medium-small size-featured-blog-medium-small wp-image-1702\" alt=\"Senhor Byte - Ag\u00eancia de Marketing Digital\" srcset=\"https:\/\/www.senhorbyte.com.br\/novo\/wp-content\/uploads\/2025\/03\/Avatar-230x230.png 230w, https:\/\/www.senhorbyte.com.br\/novo\/wp-content\/uploads\/2025\/03\/Avatar-300x300.png 300w, https:\/\/www.senhorbyte.com.br\/novo\/wp-content\/uploads\/2025\/03\/Avatar-150x150.png 150w, https:\/\/www.senhorbyte.com.br\/novo\/wp-content\/uploads\/2025\/03\/Avatar-270x270.png 270w, https:\/\/www.senhorbyte.com.br\/novo\/wp-content\/uploads\/2025\/03\/Avatar.png 605w\" sizes=\"(max-width: 230px) 100vw, 230px\" \/>\t\t\t\t\t\t\t\t<\/a>\n\t\t\t\t\t\t\t\t\t\t\t\t\t\t\t<\/div>\n\t\t\t\t<\/div>\n\t\t\t\t<section class=\"elementor-section elementor-inner-section elementor-element elementor-element-524b19f elementor-section-boxed elementor-section-height-default elementor-section-height-default\" data-id=\"524b19f\" data-element_type=\"section\">\n\t\t\t\t\t\t<div class=\"elementor-container elementor-column-gap-default\">\n\t\t\t\t\t<div class=\"elementor-column elementor-col-100 elementor-inner-column elementor-element elementor-element-6fda110\" data-id=\"6fda110\" data-element_type=\"column\" data-settings=\"{&quot;background_background&quot;:&quot;classic&quot;}\">\n\t\t\t<div class=\"elementor-widget-wrap elementor-element-populated\">\n\t\t\t\t\t\t<div class=\"elementor-element elementor-element-3d92973 elementor-widget elementor-widget-heading\" data-id=\"3d92973\" data-element_type=\"widget\" data-widget_type=\"heading.default\">\n\t\t\t\t<div class=\"elementor-widget-container\">\n\t\t\t\t\t<h2 class=\"elementor-heading-title elementor-size-default\"><a href=\"http:\/\/senhorbyte.com.br\" target=\"_blank\">Obrigado por sua Visita!<\/a><\/h2>\t\t\t\t<\/div>\n\t\t\t\t<\/div>\n\t\t\t\t\t<\/div>\n\t\t<\/div>\n\t\t\t\t\t<\/div>\n\t\t<\/section>\n\t\t\t\t<div class=\"elementor-element elementor-element-87a64fa elementor-button-info elementor-align-justify elementor-widget elementor-widget-button\" data-id=\"87a64fa\" data-element_type=\"widget\" data-widget_type=\"button.default\">\n\t\t\t\t<div class=\"elementor-widget-container\">\n\t\t\t\t\t\t\t\t\t<div class=\"elementor-button-wrapper\">\n\t\t\t\t\t<a class=\"elementor-button elementor-button-link elementor-size-sm elementor-animation-grow\" href=\"http:\/\/senhorbyte.com.br\">\n\t\t\t\t\t\t<span class=\"elementor-button-content-wrapper\">\n\t\t\t\t\t\t<span class=\"elementor-button-icon\">\n\t\t\t\t<i aria-hidden=\"true\" class=\"fas fa-mouse-pointer\"><\/i>\t\t\t<\/span>\n\t\t\t\t\t\t\t\t\t<span class=\"elementor-button-text\">Visite nosso Site<\/span>\n\t\t\t\t\t<\/span>\n\t\t\t\t\t<\/a>\n\t\t\t\t<\/div>\n\t\t\t\t\t\t\t\t<\/div>\n\t\t\t\t<\/div>\n\t\t\t\t<div class=\"elementor-element elementor-element-ab846f2 elementor-button-info elementor-align-justify elementor-widget elementor-widget-button\" data-id=\"ab846f2\" data-element_type=\"widget\" data-widget_type=\"button.default\">\n\t\t\t\t<div class=\"elementor-widget-container\">\n\t\t\t\t\t\t\t\t\t<div class=\"elementor-button-wrapper\">\n\t\t\t\t\t<a class=\"elementor-button elementor-button-link elementor-size-sm elementor-animation-grow\" href=\"http:\/\/instagram.com\/senhorbyte\" target=\"_blank\">\n\t\t\t\t\t\t<span class=\"elementor-button-content-wrapper\">\n\t\t\t\t\t\t<span class=\"elementor-button-icon\">\n\t\t\t\t<i aria-hidden=\"true\" class=\"fab fa-instagram\"><\/i>\t\t\t<\/span>\n\t\t\t\t\t\t\t\t\t<span class=\"elementor-button-text\">Visite nosso Instagram<\/span>\n\t\t\t\t\t<\/span>\n\t\t\t\t\t<\/a>\n\t\t\t\t<\/div>\n\t\t\t\t\t\t\t\t<\/div>\n\t\t\t\t<\/div>\n\t\t\t\t<div class=\"elementor-element elementor-element-b118a80 elementor-button-info elementor-align-justify elementor-widget elementor-widget-button\" data-id=\"b118a80\" data-element_type=\"widget\" data-widget_type=\"button.default\">\n\t\t\t\t<div class=\"elementor-widget-container\">\n\t\t\t\t\t\t\t\t\t<div class=\"elementor-button-wrapper\">\n\t\t\t\t\t<a class=\"elementor-button elementor-button-link elementor-size-sm elementor-animation-grow\" href=\"http:\/\/senhorbyte.com.br\/novo\/Formulario\">\n\t\t\t\t\t\t<span class=\"elementor-button-content-wrapper\">\n\t\t\t\t\t\t<span class=\"elementor-button-icon\">\n\t\t\t\t<i aria-hidden=\"true\" class=\"far fa-calendar\"><\/i>\t\t\t<\/span>\n\t\t\t\t\t\t\t\t\t<span class=\"elementor-button-text\">Agende uma Consultoria Gratu\u00edta<\/span>\n\t\t\t\t\t<\/span>\n\t\t\t\t\t<\/a>\n\t\t\t\t<\/div>\n\t\t\t\t\t\t\t\t<\/div>\n\t\t\t\t<\/div>\n\t\t\t\t<div class=\"elementor-element elementor-element-d1e3246 elementor-button-info elementor-align-justify elementor-widget elementor-widget-button\" data-id=\"d1e3246\" data-element_type=\"widget\" data-widget_type=\"button.default\">\n\t\t\t\t<div class=\"elementor-widget-container\">\n\t\t\t\t\t\t\t\t\t<div class=\"elementor-button-wrapper\">\n\t\t\t\t\t<a class=\"elementor-button elementor-button-link elementor-size-sm elementor-animation-grow\" href=\"http:\/\/api.whatsapp.com\/send?phone=5516996015760&#038;text=Ol\u00e1,gostaria%20de%20agendar%20uma%20reuni\u00e3o%20online%20para%20obter%20maiores%20informa\u00e7\u00f5es%20sobre%20a%20cria\u00e7\u00e3o%20de%20um%20site%20para%20meu%20neg\u00f3cio!\" target=\"_blank\">\n\t\t\t\t\t\t<span class=\"elementor-button-content-wrapper\">\n\t\t\t\t\t\t<span class=\"elementor-button-icon\">\n\t\t\t\t<i aria-hidden=\"true\" class=\"fab fa-whatsapp\"><\/i>\t\t\t<\/span>\n\t\t\t\t\t\t\t\t\t<span class=\"elementor-button-text\">Entre em contato pelo nosso WhatsApp<\/span>\n\t\t\t\t\t<\/span>\n\t\t\t\t\t<\/a>\n\t\t\t\t<\/div>\n\t\t\t\t\t\t\t\t<\/div>\n\t\t\t\t<\/div>\n\t\t\t\t<div class=\"elementor-element elementor-element-87da8c2 elementor-button-info elementor-align-justify elementor-widget elementor-widget-button\" data-id=\"87da8c2\" data-element_type=\"widget\" data-widget_type=\"button.default\">\n\t\t\t\t<div class=\"elementor-widget-container\">\n\t\t\t\t\t\t\t\t\t<div class=\"elementor-button-wrapper\">\n\t\t\t\t\t<a class=\"elementor-button elementor-button-link elementor-size-sm elementor-animation-grow\" href=\"https:\/\/www.senhorbyte.com.br\/novo\/formulario-de-cadastro-download-guia-completo-para-criacao-do-google-meu-negocio\/\">\n\t\t\t\t\t\t<span class=\"elementor-button-content-wrapper\">\n\t\t\t\t\t\t<span class=\"elementor-button-icon\">\n\t\t\t\t<i aria-hidden=\"true\" class=\"fas fa-file-download\"><\/i>\t\t\t<\/span>\n\t\t\t\t\t\t\t\t\t<span class=\"elementor-button-text\">Guia Gratuito: Como Atrair Mais Clientes Pelo Google!<\/span>\n\t\t\t\t\t<\/span>\n\t\t\t\t\t<\/a>\n\t\t\t\t<\/div>\n\t\t\t\t\t\t\t\t<\/div>\n\t\t\t\t<\/div>\n\t\t\t\t\t<\/div>\n\t\t<\/div>\n\t\t\t\t\t<\/div>\n\t\t<\/section>\n\t\t\t\t<\/div>\n\t\t","protected":false},"excerpt":{"rendered":"<p>Obrigado por sua Visita! Visite nosso Site Visite nosso Instagram Agende uma Consultoria Gratu\u00edta Entre em contato pelo nosso WhatsApp Guia Gratuito: Como Atrair Mais Clientes Pelo Google!<\/p>\n","protected":false},"author":1,"featured_media":0,"parent":0,"menu_order":0,"comment_status":"closed","ping_status":"closed","template":"elementor_canvas","meta":{"footnotes":""},"class_list":["post-1153","page","type-page","status-publish","hentry"],"yoast_head":"<!-- This site is optimized with the Yoast SEO plugin v27.2 - https:\/\/yoast.com\/product\/yoast-seo-wordpress\/ -->\n<title>Links - Senhor Byte<\/title>\n<meta name=\"description\" content=\"Links de acesso r\u00e1pido aos nossos Canais e Comunica\u00e7\u00e3o: Site, Instagram, WhatsApp e Agendamento de Consultoria Gratuita!\" \/>\n<meta name=\"robots\" content=\"index, follow, max-snippet:-1, max-image-preview:large, max-video-preview:-1\" \/>\n<link rel=\"canonical\" href=\"https:\/\/www.senhorbyte.com.br\/novo\/links-de-acesso-rapido\/\" \/>\n<meta property=\"og:locale\" content=\"pt_BR\" \/>\n<meta property=\"og:type\" content=\"article\" \/>\n<meta property=\"og:title\" content=\"Links - Senhor Byte\" \/>\n<meta property=\"og:description\" content=\"Links de acesso r\u00e1pido aos nossos Canais e Comunica\u00e7\u00e3o: Site, Instagram, WhatsApp e Agendamento de Consultoria Gratuita!\" \/>\n<meta property=\"og:url\" content=\"https:\/\/www.senhorbyte.com.br\/novo\/links-de-acesso-rapido\/\" \/>\n<meta property=\"og:site_name\" content=\"Senhor Byte\" \/>\n<meta property=\"article:modified_time\" content=\"2025-03-27T17:14:22+00:00\" \/>\n<meta property=\"og:image\" content=\"http:\/\/www.senhorbyte.com.br\/novo\/wp-content\/uploads\/2025\/03\/Avatar-230x230.png\" \/>\n<meta name=\"twitter:card\" content=\"summary_large_image\" \/>\n<meta name=\"twitter:label1\" content=\"Est. tempo de leitura\" \/>\n\t<meta name=\"twitter:data1\" content=\"1 minuto\" \/>\n<script type=\"application\/ld+json\" class=\"yoast-schema-graph\">{\"@context\":\"https:\/\/schema.org\",\"@graph\":[{\"@type\":\"WebPage\",\"@id\":\"https:\/\/www.senhorbyte.com.br\/novo\/links-de-acesso-rapido\/\",\"url\":\"https:\/\/www.senhorbyte.com.br\/novo\/links-de-acesso-rapido\/\",\"name\":\"Links - Senhor Byte\",\"isPartOf\":{\"@id\":\"https:\/\/www.senhorbyte.com.br\/novo\/#website\"},\"primaryImageOfPage\":{\"@id\":\"https:\/\/www.senhorbyte.com.br\/novo\/links-de-acesso-rapido\/#primaryimage\"},\"image\":{\"@id\":\"https:\/\/www.senhorbyte.com.br\/novo\/links-de-acesso-rapido\/#primaryimage\"},\"thumbnailUrl\":\"http:\/\/www.senhorbyte.com.br\/novo\/wp-content\/uploads\/2025\/03\/Avatar-230x230.png\",\"datePublished\":\"2024-08-19T12:18:03+00:00\",\"dateModified\":\"2025-03-27T17:14:22+00:00\",\"description\":\"Links de acesso r\u00e1pido aos nossos Canais e Comunica\u00e7\u00e3o: Site, Instagram, WhatsApp e Agendamento de Consultoria Gratuita!\",\"breadcrumb\":{\"@id\":\"https:\/\/www.senhorbyte.com.br\/novo\/links-de-acesso-rapido\/#breadcrumb\"},\"inLanguage\":\"pt-BR\",\"potentialAction\":[{\"@type\":\"ReadAction\",\"target\":[\"https:\/\/www.senhorbyte.com.br\/novo\/links-de-acesso-rapido\/\"]}]},{\"@type\":\"ImageObject\",\"inLanguage\":\"pt-BR\",\"@id\":\"https:\/\/www.senhorbyte.com.br\/novo\/links-de-acesso-rapido\/#primaryimage\",\"url\":\"http:\/\/www.senhorbyte.com.br\/novo\/wp-content\/uploads\/2025\/03\/Avatar.png\",\"contentUrl\":\"http:\/\/www.senhorbyte.com.br\/novo\/wp-content\/uploads\/2025\/03\/Avatar.png\",\"width\":605,\"height\":605,\"caption\":\"Senhor Byte - Ag\u00eancia de Marketing Digital\"},{\"@type\":\"BreadcrumbList\",\"@id\":\"https:\/\/www.senhorbyte.com.br\/novo\/links-de-acesso-rapido\/#breadcrumb\",\"itemListElement\":[{\"@type\":\"ListItem\",\"position\":1,\"name\":\"In\u00edcio\",\"item\":\"https:\/\/www.senhorbyte.com.br\/novo\/\"},{\"@type\":\"ListItem\",\"position\":2,\"name\":\"Links\"}]},{\"@type\":\"WebSite\",\"@id\":\"https:\/\/www.senhorbyte.com.br\/novo\/#website\",\"url\":\"https:\/\/www.senhorbyte.com.br\/novo\/\",\"name\":\"Senhor Byte\",\"description\":\"Ag\u00eancia de Marketing Digital\",\"publisher\":{\"@id\":\"https:\/\/www.senhorbyte.com.br\/novo\/#organization\"},\"potentialAction\":[{\"@type\":\"SearchAction\",\"target\":{\"@type\":\"EntryPoint\",\"urlTemplate\":\"https:\/\/www.senhorbyte.com.br\/novo\/?s={search_term_string}\"},\"query-input\":{\"@type\":\"PropertyValueSpecification\",\"valueRequired\":true,\"valueName\":\"search_term_string\"}}],\"inLanguage\":\"pt-BR\"},{\"@type\":\"Organization\",\"@id\":\"https:\/\/www.senhorbyte.com.br\/novo\/#organization\",\"name\":\"Senhor Byte\",\"url\":\"https:\/\/www.senhorbyte.com.br\/novo\/\",\"logo\":{\"@type\":\"ImageObject\",\"inLanguage\":\"pt-BR\",\"@id\":\"https:\/\/www.senhorbyte.com.br\/novo\/#\/schema\/logo\/image\/\",\"url\":\"http:\/\/www.senhorbyte.com.br\/novo\/wp-content\/uploads\/2025\/03\/cropped-Logo-Senhor-Byte-Agencia-de-Marketing-Digital-FD_BR.png\",\"contentUrl\":\"http:\/\/www.senhorbyte.com.br\/novo\/wp-content\/uploads\/2025\/03\/cropped-Logo-Senhor-Byte-Agencia-de-Marketing-Digital-FD_BR.png\",\"width\":498,\"height\":191,\"caption\":\"Senhor Byte\"},\"image\":{\"@id\":\"https:\/\/www.senhorbyte.com.br\/novo\/#\/schema\/logo\/image\/\"}}]}<\/script>\n<!-- \/ Yoast SEO plugin. -->","yoast_head_json":{"title":"Links - Senhor Byte","description":"Links de acesso r\u00e1pido aos nossos Canais e Comunica\u00e7\u00e3o: Site, Instagram, WhatsApp e Agendamento de Consultoria Gratuita!","robots":{"index":"index","follow":"follow","max-snippet":"max-snippet:-1","max-image-preview":"max-image-preview:large","max-video-preview":"max-video-preview:-1"},"canonical":"https:\/\/www.senhorbyte.com.br\/novo\/links-de-acesso-rapido\/","og_locale":"pt_BR","og_type":"article","og_title":"Links - Senhor Byte","og_description":"Links de acesso r\u00e1pido aos nossos Canais e Comunica\u00e7\u00e3o: Site, Instagram, WhatsApp e Agendamento de Consultoria Gratuita!","og_url":"https:\/\/www.senhorbyte.com.br\/novo\/links-de-acesso-rapido\/","og_site_name":"Senhor Byte","article_modified_time":"2025-03-27T17:14:22+00:00","og_image":[{"url":"http:\/\/www.senhorbyte.com.br\/novo\/wp-content\/uploads\/2025\/03\/Avatar-230x230.png","type":"","width":"","height":""}],"twitter_card":"summary_large_image","twitter_misc":{"Est. tempo de leitura":"1 minuto"},"schema":{"@context":"https:\/\/schema.org","@graph":[{"@type":"WebPage","@id":"https:\/\/www.senhorbyte.com.br\/novo\/links-de-acesso-rapido\/","url":"https:\/\/www.senhorbyte.com.br\/novo\/links-de-acesso-rapido\/","name":"Links - Senhor Byte","isPartOf":{"@id":"https:\/\/www.senhorbyte.com.br\/novo\/#website"},"primaryImageOfPage":{"@id":"https:\/\/www.senhorbyte.com.br\/novo\/links-de-acesso-rapido\/#primaryimage"},"image":{"@id":"https:\/\/www.senhorbyte.com.br\/novo\/links-de-acesso-rapido\/#primaryimage"},"thumbnailUrl":"http:\/\/www.senhorbyte.com.br\/novo\/wp-content\/uploads\/2025\/03\/Avatar-230x230.png","datePublished":"2024-08-19T12:18:03+00:00","dateModified":"2025-03-27T17:14:22+00:00","description":"Links de acesso r\u00e1pido aos nossos Canais e Comunica\u00e7\u00e3o: Site, Instagram, WhatsApp e Agendamento de Consultoria Gratuita!","breadcrumb":{"@id":"https:\/\/www.senhorbyte.com.br\/novo\/links-de-acesso-rapido\/#breadcrumb"},"inLanguage":"pt-BR","potentialAction":[{"@type":"ReadAction","target":["https:\/\/www.senhorbyte.com.br\/novo\/links-de-acesso-rapido\/"]}]},{"@type":"ImageObject","inLanguage":"pt-BR","@id":"https:\/\/www.senhorbyte.com.br\/novo\/links-de-acesso-rapido\/#primaryimage","url":"http:\/\/www.senhorbyte.com.br\/novo\/wp-content\/uploads\/2025\/03\/Avatar.png","contentUrl":"http:\/\/www.senhorbyte.com.br\/novo\/wp-content\/uploads\/2025\/03\/Avatar.png","width":605,"height":605,"caption":"Senhor Byte - Ag\u00eancia de Marketing Digital"},{"@type":"BreadcrumbList","@id":"https:\/\/www.senhorbyte.com.br\/novo\/links-de-acesso-rapido\/#breadcrumb","itemListElement":[{"@type":"ListItem","position":1,"name":"In\u00edcio","item":"https:\/\/www.senhorbyte.com.br\/novo\/"},{"@type":"ListItem","position":2,"name":"Links"}]},{"@type":"WebSite","@id":"https:\/\/www.senhorbyte.com.br\/novo\/#website","url":"https:\/\/www.senhorbyte.com.br\/novo\/","name":"Senhor Byte","description":"Ag\u00eancia de Marketing Digital","publisher":{"@id":"https:\/\/www.senhorbyte.com.br\/novo\/#organization"},"potentialAction":[{"@type":"SearchAction","target":{"@type":"EntryPoint","urlTemplate":"https:\/\/www.senhorbyte.com.br\/novo\/?s={search_term_string}"},"query-input":{"@type":"PropertyValueSpecification","valueRequired":true,"valueName":"search_term_string"}}],"inLanguage":"pt-BR"},{"@type":"Organization","@id":"https:\/\/www.senhorbyte.com.br\/novo\/#organization","name":"Senhor Byte","url":"https:\/\/www.senhorbyte.com.br\/novo\/","logo":{"@type":"ImageObject","inLanguage":"pt-BR","@id":"https:\/\/www.senhorbyte.com.br\/novo\/#\/schema\/logo\/image\/","url":"http:\/\/www.senhorbyte.com.br\/novo\/wp-content\/uploads\/2025\/03\/cropped-Logo-Senhor-Byte-Agencia-de-Marketing-Digital-FD_BR.png","contentUrl":"http:\/\/www.senhorbyte.com.br\/novo\/wp-content\/uploads\/2025\/03\/cropped-Logo-Senhor-Byte-Agencia-de-Marketing-Digital-FD_BR.png","width":498,"height":191,"caption":"Senhor Byte"},"image":{"@id":"https:\/\/www.senhorbyte.com.br\/novo\/#\/schema\/logo\/image\/"}}]}},"_links":{"self":[{"href":"http:\/\/www.senhorbyte.com.br\/novo\/wp-json\/wp\/v2\/pages\/1153","targetHints":{"allow":["GET"]}}],"collection":[{"href":"http:\/\/www.senhorbyte.com.br\/novo\/wp-json\/wp\/v2\/pages"}],"about":[{"href":"http:\/\/www.senhorbyte.com.br\/novo\/wp-json\/wp\/v2\/types\/page"}],"author":[{"embeddable":true,"href":"http:\/\/www.senhorbyte.com.br\/novo\/wp-json\/wp\/v2\/users\/1"}],"replies":[{"embeddable":true,"href":"http:\/\/www.senhorbyte.com.br\/novo\/wp-json\/wp\/v2\/comments?post=1153"}],"version-history":[{"count":52,"href":"http:\/\/www.senhorbyte.com.br\/novo\/wp-json\/wp\/v2\/pages\/1153\/revisions"}],"predecessor-version":[{"id":1705,"href":"http:\/\/www.senhorbyte.com.br\/novo\/wp-json\/wp\/v2\/pages\/1153\/revisions\/1705"}],"wp:attachment":[{"href":"http:\/\/www.senhorbyte.com.br\/novo\/wp-json\/wp\/v2\/media?parent=1153"}],"curies":[{"name":"wp","href":"https:\/\/api.w.org\/{rel}","templated":true}]}}